{"id":3,"date":"2025-05-22T22:49:49","date_gmt":"2025-05-22T22:49:49","guid":{"rendered":"http:\/\/trattoria-v2.armandos.dk\/?page_id=3"},"modified":"2025-05-24T11:26:12","modified_gmt":"2025-05-24T11:26:12","slug":"privacy-policy","status":"publish","type":"page","link":"https:\/\/trattoria.armandos.dk\/da\/privacy-policy\/","title":{"rendered":"Privatlivspolitik"},"content":{"rendered":"<h2 class=\"wp-block-heading\">Privatlivspolitik<\/h2>\n\n\n\n<p>Hos <strong>Armano\u2019s Trattoria<\/strong>Vi er forpligtet til at beskytte dit privatliv. Denne hjemmeside er kun beregnet til orientering, men den bruger cookies til at forbedre din browseroplevelse.<\/p>\n\n\n\n<h3 class=\"wp-block-heading\">1. Oplysninger vi indsamler<\/h3>\n\n\n\n<p>Vi indsamler ikke personlige oplysninger s\u00e5som dit navn, din e-mailadresse eller dit telefonnummer. Vi kan dog automatisk indsamle ikke-personlige data via cookies, herunder:<\/p>\n\n\n\n<ul class=\"wp-block-list\">\n<li>Grundl\u00e6ggende browseroplysninger (type, version)<\/li>\n\n\n\n<li>Pages visited on our website<\/li>\n\n\n\n<li>Generel placering (baseret p\u00e5 IP-adresse, anonymiseret)<\/li>\n\n\n\n<li>Tid brugt p\u00e5 hjemmesiden<\/li>\n<\/ul>\n\n\n\n<p>Disse data indsamles med det form\u00e5l at forst\u00e5, hvordan bes\u00f8gende bruger vores hjemmeside, og for at forbedre dens ydeevne.<\/p>\n\n\n\n<h3 class=\"wp-block-heading\">2. Cookies<\/h3>\n\n\n\n<p>Cookies er sm\u00e5 tekstfiler, der gemmes p\u00e5 din enhed, n\u00e5r du bes\u00f8ger vores hjemmeside. Vi bruger:<\/p>\n\n\n\n<ul class=\"wp-block-list\">\n<li><strong>Vigtige cookies<\/strong>: Hj\u00e6lp webstedet med at fungere korrekt.<\/li>\n\n\n\n<li><strong>Analysecookies<\/strong> (f.eks. Google Analytics): Giver anonym indsigt i, hvordan brugerne interagerer med webstedet.<\/li>\n<\/ul>\n\n\n\n<p>Du kan til enhver tid administrere eller deaktivere cookies i dine browserindstillinger.<\/p>\n\n\n\n<h3 class=\"wp-block-heading\">3. Tredjepartstjenester<\/h3>\n\n\n\n<p>Vi kan bruge tredjepartstjenester s\u00e5som:<\/p>\n\n\n\n<ul class=\"wp-block-list\">\n<li><strong>Google Maps<\/strong> for at vise vores placering<\/li>\n\n\n\n<li><strong>Social media links<\/strong> (e.g., Facebook, Instagram)<\/li>\n<\/ul>\n\n\n\n<p>Disse tjenester kan indsamle data uafh\u00e6ngigt. Vi opfordrer dig til at gennemg\u00e5 deres respektive privatlivspolitikker.<\/p>\n\n\n\n<h3 class=\"wp-block-heading\">4. Datadeling<\/h3>\n\n\n\n<p>Vi hverken <strong>s\u00e6lger, handler eller deler<\/strong> dine data med tredjeparter til markedsf\u00f8ringsform\u00e5l.<\/p>\n\n\n\n<h3 class=\"wp-block-heading\">5. Dine rettigheder<\/h3>\n\n\n\n<p>Du har ret til at:<\/p>\n\n\n\n<ul class=\"wp-block-list\">\n<li>Vid hvilke data der indsamles<\/li>\n\n\n\n<li>Anmod om sletning af data (hvis nogen er blevet gemt)<\/li>\n\n\n\n<li>Deaktiver cookiesporing via din browser<\/li>\n<\/ul>\n\n\n\n<h3 class=\"wp-block-heading\">Kontakt Os<\/h3>\n\n\n\n<p>Hvis du har sp\u00f8rgsm\u00e5l til denne privatlivspolitik, kan du kontakte os via de kontaktoplysninger, der findes p\u00e5 vores hjemmeside.<\/p>","protected":false},"excerpt":{"rendered":"<p>Privacy Policy At Armano\u2019s Trattoria, we are committed to protecting your privacy. This website is [&hellip;]<\/p>","protected":false},"author":1,"featured_media":0,"parent":0,"menu_order":0,"comment_status":"closed","ping_status":"open","template":"","meta":{"footnotes":""},"class_list":["post-3","page","type-page","status-publish","hentry"],"_links":{"self":[{"href":"https:\/\/trattoria.armandos.dk\/da\/wp-json\/wp\/v2\/pages\/3","targetHints":{"allow":["GET"]}}],"collection":[{"href":"https:\/\/trattoria.armandos.dk\/da\/wp-json\/wp\/v2\/pages"}],"about":[{"href":"https:\/\/trattoria.armandos.dk\/da\/wp-json\/wp\/v2\/types\/page"}],"author":[{"embeddable":true,"href":"https:\/\/trattoria.armandos.dk\/da\/wp-json\/wp\/v2\/users\/1"}],"replies":[{"embeddable":true,"href":"https:\/\/trattoria.armandos.dk\/da\/wp-json\/wp\/v2\/comments?post=3"}],"version-history":[{"count":1,"href":"https:\/\/trattoria.armandos.dk\/da\/wp-json\/wp\/v2\/pages\/3\/revisions"}],"predecessor-version":[{"id":81,"href":"https:\/\/trattoria.armandos.dk\/da\/wp-json\/wp\/v2\/pages\/3\/revisions\/81"}],"wp:attachment":[{"href":"https:\/\/trattoria.armandos.dk\/da\/wp-json\/wp\/v2\/media?parent=3"}],"curies":[{"name":"wp","href":"https:\/\/api.w.org\/{rel}","templated":true}]}}